{"id":486,"date":"2024-01-16T18:19:11","date_gmt":"2024-01-16T18:19:11","guid":{"rendered":"https:\/\/www.datacentergroningen.nl\/ikt-service\/"},"modified":"2024-01-16T18:19:11","modified_gmt":"2024-01-16T18:19:11","slug":"ikt-service","status":"publish","type":"page","link":"https:\/\/www.datacentergroningen.nl\/de\/ikt-service\/","title":{"rendered":"IKT Service"},"content":{"rendered":"<p>Die besten Dienstleistungen f\u00fcr Ihre Kunden beginnen bei Datacenter Groningen.<br \/>\nIn unserem zukunftsf\u00e4higen und kundenorientierten Rechenzentrum bringen Sie Daten und Prozesse absolut sicher und dennoch jederzeit zug\u00e4nglich unter. Mit garantierter Verbindung. Machen Sie den Unterschied f\u00fcr Ihre Kunden und vertrauen Sie auf die hervorragenden Dienste unseres Rechenzentrums.<\/p>\n<p>Datacenter Groningen bietet zertifizierte Dienstleistungen zu einem vern\u00fcnftigen Preis. Mit einer Uptime von 100 % k\u00f6nnen Sie auf die gute Basis der IKT f\u00fcr Ihre Kunden vertrauen. Wir bieten flexible R\u00e4ume, die mit Ihnen mitwachsen.<br \/>\nDatacenter Groningen ist ganz in Ihrer N\u00e4he. Im Bedarfsfall sind Sie immer schnell vor Ort. Autorisierte Mitarbeiter erhalten au\u00dferdem mittels Zugangsausweis Zutritt, um eventuelle Probleme zu l\u00f6sen. Ein ruhiger Arbeitsplatz wartet auf sie.<\/p>\n","protected":false},"excerpt":{"rendered":"<p>Die besten Dienstleistungen f\u00fcr Ihre Kunden beginnen bei Datacenter Groningen. In unserem zukunftsf\u00e4higen und kundenorientierten Rechenzentrum bringen Sie Daten und Prozesse absolut sicher und dennoch jederzeit zug\u00e4nglich unter. Mit garantierter Verbindung. Machen Sie den Unterschied f\u00fcr Ihre Kunden und vertrauen Sie auf die hervorragenden Dienste unseres Rechenzentrums. Datacenter Groningen bietet zertifizierte Dienstleistungen zu einem vern\u00fcnftigen [&hellip;]<\/p>\n","protected":false},"author":1,"featured_media":0,"parent":0,"menu_order":0,"comment_status":"closed","ping_status":"closed","template":"page-template\/template-flexible-page.php","meta":{"inline_featured_image":false,"footnotes":""},"class_list":["post-486","page","type-page","status-publish","hentry"],"acf":[],"yoast_head":"<!-- This site is optimized with the Yoast SEO plugin v26.6 - https:\/\/yoast.com\/wordpress\/plugins\/seo\/ -->\n<title>IKT Service - Datacenter Groningen<\/title>\n<meta name=\"robots\" content=\"index, follow, max-snippet:-1, max-image-preview:large, max-video-preview:-1\" \/>\n<link rel=\"canonical\" href=\"https:\/\/www.datacentergroningen.nl\/de\/ikt-service\/\" \/>\n<meta property=\"og:locale\" content=\"de_DE\" \/>\n<meta property=\"og:type\" content=\"article\" \/>\n<meta property=\"og:title\" content=\"IKT Service - Datacenter Groningen\" \/>\n<meta property=\"og:description\" content=\"Die besten Dienstleistungen f\u00fcr Ihre Kunden beginnen bei Datacenter Groningen. In unserem zukunftsf\u00e4higen und kundenorientierten Rechenzentrum bringen Sie Daten und Prozesse absolut sicher und dennoch jederzeit zug\u00e4nglich unter. Mit garantierter Verbindung. Machen Sie den Unterschied f\u00fcr Ihre Kunden und vertrauen Sie auf die hervorragenden Dienste unseres Rechenzentrums. Datacenter Groningen bietet zertifizierte Dienstleistungen zu einem vern\u00fcnftigen [&hellip;]\" \/>\n<meta property=\"og:url\" content=\"https:\/\/www.datacentergroningen.nl\/de\/ikt-service\/\" \/>\n<meta property=\"og:site_name\" content=\"Datacenter Groningen\" \/>\n<meta name=\"twitter:card\" content=\"summary_large_image\" \/>\n<meta name=\"twitter:label1\" content=\"Gesch\u00e4tzte Lesezeit\" \/>\n\t<meta name=\"twitter:data1\" content=\"1\u00a0Minute\" \/>\n<script type=\"application\/ld+json\" class=\"yoast-schema-graph\">{\"@context\":\"https:\/\/schema.org\",\"@graph\":[{\"@type\":\"WebPage\",\"@id\":\"https:\/\/www.datacentergroningen.nl\/de\/ikt-service\/\",\"url\":\"https:\/\/www.datacentergroningen.nl\/de\/ikt-service\/\",\"name\":\"IKT Service - Datacenter Groningen\",\"isPartOf\":{\"@id\":\"https:\/\/www.datacentergroningen.nl\/#website\"},\"datePublished\":\"2024-01-16T18:19:11+00:00\",\"breadcrumb\":{\"@id\":\"https:\/\/www.datacentergroningen.nl\/de\/ikt-service\/#breadcrumb\"},\"inLanguage\":\"de\",\"potentialAction\":[{\"@type\":\"ReadAction\",\"target\":[\"https:\/\/www.datacentergroningen.nl\/de\/ikt-service\/\"]}]},{\"@type\":\"BreadcrumbList\",\"@id\":\"https:\/\/www.datacentergroningen.nl\/de\/ikt-service\/#breadcrumb\",\"itemListElement\":[{\"@type\":\"ListItem\",\"position\":1,\"name\":\"Home\",\"item\":\"https:\/\/www.datacentergroningen.nl\/de\/home\/\"},{\"@type\":\"ListItem\",\"position\":2,\"name\":\"IKT Service\"}]},{\"@type\":\"WebSite\",\"@id\":\"https:\/\/www.datacentergroningen.nl\/#website\",\"url\":\"https:\/\/www.datacentergroningen.nl\/\",\"name\":\"Datacenter Groningen\",\"description\":\"\",\"potentialAction\":[{\"@type\":\"SearchAction\",\"target\":{\"@type\":\"EntryPoint\",\"urlTemplate\":\"https:\/\/www.datacentergroningen.nl\/?s={search_term_string}\"},\"query-input\":{\"@type\":\"PropertyValueSpecification\",\"valueRequired\":true,\"valueName\":\"search_term_string\"}}],\"inLanguage\":\"de\"}]}<\/script>\n<!-- \/ Yoast SEO plugin. -->","yoast_head_json":{"title":"IKT Service - Datacenter Groningen","robots":{"index":"index","follow":"follow","max-snippet":"max-snippet:-1","max-image-preview":"max-image-preview:large","max-video-preview":"max-video-preview:-1"},"canonical":"https:\/\/www.datacentergroningen.nl\/de\/ikt-service\/","og_locale":"de_DE","og_type":"article","og_title":"IKT Service - Datacenter Groningen","og_description":"Die besten Dienstleistungen f\u00fcr Ihre Kunden beginnen bei Datacenter Groningen. In unserem zukunftsf\u00e4higen und kundenorientierten Rechenzentrum bringen Sie Daten und Prozesse absolut sicher und dennoch jederzeit zug\u00e4nglich unter. Mit garantierter Verbindung. Machen Sie den Unterschied f\u00fcr Ihre Kunden und vertrauen Sie auf die hervorragenden Dienste unseres Rechenzentrums. Datacenter Groningen bietet zertifizierte Dienstleistungen zu einem vern\u00fcnftigen [&hellip;]","og_url":"https:\/\/www.datacentergroningen.nl\/de\/ikt-service\/","og_site_name":"Datacenter Groningen","twitter_card":"summary_large_image","twitter_misc":{"Gesch\u00e4tzte Lesezeit":"1\u00a0Minute"},"schema":{"@context":"https:\/\/schema.org","@graph":[{"@type":"WebPage","@id":"https:\/\/www.datacentergroningen.nl\/de\/ikt-service\/","url":"https:\/\/www.datacentergroningen.nl\/de\/ikt-service\/","name":"IKT Service - Datacenter Groningen","isPartOf":{"@id":"https:\/\/www.datacentergroningen.nl\/#website"},"datePublished":"2024-01-16T18:19:11+00:00","breadcrumb":{"@id":"https:\/\/www.datacentergroningen.nl\/de\/ikt-service\/#breadcrumb"},"inLanguage":"de","potentialAction":[{"@type":"ReadAction","target":["https:\/\/www.datacentergroningen.nl\/de\/ikt-service\/"]}]},{"@type":"BreadcrumbList","@id":"https:\/\/www.datacentergroningen.nl\/de\/ikt-service\/#breadcrumb","itemListElement":[{"@type":"ListItem","position":1,"name":"Home","item":"https:\/\/www.datacentergroningen.nl\/de\/home\/"},{"@type":"ListItem","position":2,"name":"IKT Service"}]},{"@type":"WebSite","@id":"https:\/\/www.datacentergroningen.nl\/#website","url":"https:\/\/www.datacentergroningen.nl\/","name":"Datacenter Groningen","description":"","potentialAction":[{"@type":"SearchAction","target":{"@type":"EntryPoint","urlTemplate":"https:\/\/www.datacentergroningen.nl\/?s={search_term_string}"},"query-input":{"@type":"PropertyValueSpecification","valueRequired":true,"valueName":"search_term_string"}}],"inLanguage":"de"}]}},"_links":{"self":[{"href":"https:\/\/www.datacentergroningen.nl\/de\/wp-json\/wp\/v2\/pages\/486","targetHints":{"allow":["GET"]}}],"collection":[{"href":"https:\/\/www.datacentergroningen.nl\/de\/wp-json\/wp\/v2\/pages"}],"about":[{"href":"https:\/\/www.datacentergroningen.nl\/de\/wp-json\/wp\/v2\/types\/page"}],"author":[{"embeddable":true,"href":"https:\/\/www.datacentergroningen.nl\/de\/wp-json\/wp\/v2\/users\/1"}],"replies":[{"embeddable":true,"href":"https:\/\/www.datacentergroningen.nl\/de\/wp-json\/wp\/v2\/comments?post=486"}],"version-history":[{"count":0,"href":"https:\/\/www.datacentergroningen.nl\/de\/wp-json\/wp\/v2\/pages\/486\/revisions"}],"wp:attachment":[{"href":"https:\/\/www.datacentergroningen.nl\/de\/wp-json\/wp\/v2\/media?parent=486"}],"curies":[{"name":"wp","href":"https:\/\/api.w.org\/{rel}","templated":true}]}}