{"id":477,"date":"2024-01-16T18:19:09","date_gmt":"2024-01-16T18:19:09","guid":{"rendered":"https:\/\/www.datacentergroningen.nl\/oeffentliche-verwaltung-pflegesektor\/"},"modified":"2024-01-16T18:19:09","modified_gmt":"2024-01-16T18:19:09","slug":"oeffentliche-verwaltung-pflegesektor","status":"publish","type":"page","link":"https:\/\/www.datacentergroningen.nl\/de\/oeffentliche-verwaltung-pflegesektor\/","title":{"rendered":"\u00d6ffentliche Verwaltung\/Pflegesektor"},"content":{"rendered":"<h2>\u00d6ffentliche Verwaltung\/Pflegesektor<\/h2>\n<p>Mit sensiblen Daten wollen Sie kein Risiko eingehen. Ihr Anliegen ist unser Auftrag. Wir haben deshalb bei der Konzeption <a href=\"https:\/\/www.datacentergroningen.nl\/de\/datacenter\/\">unseres klimatisierten und gesicherten Rechenzentrums<\/a> nichts dem Zufall \u00fcberlassen. M\u00f6chten Sie sich selbst davon \u00fcberzeugen? Dann nehmen Sie Kontakt mit uns auf!<\/p>\n<p>Bei Daten wollen Sie auf Nummer sicher gehen. Vor allem, wenn es um Datenschutz geht, ist Sicherheit die oberste Priorit\u00e4t. Datacenter Groningen ist Ihr Fort Knox \u201aum die Ecke\u2018. Dank strenger Zugangsregistrierung sowie sichtbaren und unsichtbaren Sicherheitsvorrichtungen sind Ihre Daten bei uns gesch\u00fctzt. Verkn\u00fcpfungen mit Ihren Daten bleiben dank unserer hervorragenden Konnektivit\u00e4t erhalten. Wir beraten Sie gerne, welche M\u00f6glichkeiten Ihnen Colocation in unserem Rechenzentrum bietet.<\/p>\n","protected":false},"excerpt":{"rendered":"<p>\u00d6ffentliche Verwaltung\/Pflegesektor Mit sensiblen Daten wollen Sie kein Risiko eingehen. Ihr Anliegen ist unser Auftrag. Wir haben deshalb bei der Konzeption unseres klimatisierten und gesicherten Rechenzentrums nichts dem Zufall \u00fcberlassen. M\u00f6chten Sie sich selbst davon \u00fcberzeugen? Dann nehmen Sie Kontakt mit uns auf! Bei Daten wollen Sie auf Nummer sicher gehen. Vor allem, wenn es [&hellip;]<\/p>\n","protected":false},"author":1,"featured_media":0,"parent":0,"menu_order":0,"comment_status":"closed","ping_status":"closed","template":"page-template\/template-flexible-page.php","meta":{"inline_featured_image":false,"footnotes":""},"class_list":["post-477","page","type-page","status-publish","hentry"],"acf":[],"yoast_head":"<!-- This site is optimized with the Yoast SEO plugin v26.6 - https:\/\/yoast.com\/wordpress\/plugins\/seo\/ -->\n<title>\u00d6ffentliche Verwaltung\/Pflegesektor - Datacenter Groningen<\/title>\n<meta name=\"robots\" content=\"index, follow, max-snippet:-1, max-image-preview:large, max-video-preview:-1\" \/>\n<link rel=\"canonical\" href=\"https:\/\/www.datacentergroningen.nl\/de\/oeffentliche-verwaltung-pflegesektor\/\" \/>\n<meta property=\"og:locale\" content=\"de_DE\" \/>\n<meta property=\"og:type\" content=\"article\" \/>\n<meta property=\"og:title\" content=\"\u00d6ffentliche Verwaltung\/Pflegesektor - Datacenter Groningen\" \/>\n<meta property=\"og:description\" content=\"\u00d6ffentliche Verwaltung\/Pflegesektor Mit sensiblen Daten wollen Sie kein Risiko eingehen. Ihr Anliegen ist unser Auftrag. Wir haben deshalb bei der Konzeption unseres klimatisierten und gesicherten Rechenzentrums nichts dem Zufall \u00fcberlassen. M\u00f6chten Sie sich selbst davon \u00fcberzeugen? Dann nehmen Sie Kontakt mit uns auf! Bei Daten wollen Sie auf Nummer sicher gehen. Vor allem, wenn es [&hellip;]\" \/>\n<meta property=\"og:url\" content=\"https:\/\/www.datacentergroningen.nl\/de\/oeffentliche-verwaltung-pflegesektor\/\" \/>\n<meta property=\"og:site_name\" content=\"Datacenter Groningen\" \/>\n<meta name=\"twitter:card\" content=\"summary_large_image\" \/>\n<meta name=\"twitter:label1\" content=\"Gesch\u00e4tzte Lesezeit\" \/>\n\t<meta name=\"twitter:data1\" content=\"1\u00a0Minute\" \/>\n<script type=\"application\/ld+json\" class=\"yoast-schema-graph\">{\"@context\":\"https:\/\/schema.org\",\"@graph\":[{\"@type\":\"WebPage\",\"@id\":\"https:\/\/www.datacentergroningen.nl\/de\/oeffentliche-verwaltung-pflegesektor\/\",\"url\":\"https:\/\/www.datacentergroningen.nl\/de\/oeffentliche-verwaltung-pflegesektor\/\",\"name\":\"\u00d6ffentliche Verwaltung\/Pflegesektor - Datacenter Groningen\",\"isPartOf\":{\"@id\":\"https:\/\/www.datacentergroningen.nl\/#website\"},\"datePublished\":\"2024-01-16T18:19:09+00:00\",\"breadcrumb\":{\"@id\":\"https:\/\/www.datacentergroningen.nl\/de\/oeffentliche-verwaltung-pflegesektor\/#breadcrumb\"},\"inLanguage\":\"de\",\"potentialAction\":[{\"@type\":\"ReadAction\",\"target\":[\"https:\/\/www.datacentergroningen.nl\/de\/oeffentliche-verwaltung-pflegesektor\/\"]}]},{\"@type\":\"BreadcrumbList\",\"@id\":\"https:\/\/www.datacentergroningen.nl\/de\/oeffentliche-verwaltung-pflegesektor\/#breadcrumb\",\"itemListElement\":[{\"@type\":\"ListItem\",\"position\":1,\"name\":\"Home\",\"item\":\"https:\/\/www.datacentergroningen.nl\/de\/home\/\"},{\"@type\":\"ListItem\",\"position\":2,\"name\":\"\u00d6ffentliche Verwaltung\/Pflegesektor\"}]},{\"@type\":\"WebSite\",\"@id\":\"https:\/\/www.datacentergroningen.nl\/#website\",\"url\":\"https:\/\/www.datacentergroningen.nl\/\",\"name\":\"Datacenter Groningen\",\"description\":\"\",\"potentialAction\":[{\"@type\":\"SearchAction\",\"target\":{\"@type\":\"EntryPoint\",\"urlTemplate\":\"https:\/\/www.datacentergroningen.nl\/?s={search_term_string}\"},\"query-input\":{\"@type\":\"PropertyValueSpecification\",\"valueRequired\":true,\"valueName\":\"search_term_string\"}}],\"inLanguage\":\"de\"}]}<\/script>\n<!-- \/ Yoast SEO plugin. -->","yoast_head_json":{"title":"\u00d6ffentliche Verwaltung\/Pflegesektor - Datacenter Groningen","robots":{"index":"index","follow":"follow","max-snippet":"max-snippet:-1","max-image-preview":"max-image-preview:large","max-video-preview":"max-video-preview:-1"},"canonical":"https:\/\/www.datacentergroningen.nl\/de\/oeffentliche-verwaltung-pflegesektor\/","og_locale":"de_DE","og_type":"article","og_title":"\u00d6ffentliche Verwaltung\/Pflegesektor - Datacenter Groningen","og_description":"\u00d6ffentliche Verwaltung\/Pflegesektor Mit sensiblen Daten wollen Sie kein Risiko eingehen. Ihr Anliegen ist unser Auftrag. Wir haben deshalb bei der Konzeption unseres klimatisierten und gesicherten Rechenzentrums nichts dem Zufall \u00fcberlassen. M\u00f6chten Sie sich selbst davon \u00fcberzeugen? Dann nehmen Sie Kontakt mit uns auf! Bei Daten wollen Sie auf Nummer sicher gehen. Vor allem, wenn es [&hellip;]","og_url":"https:\/\/www.datacentergroningen.nl\/de\/oeffentliche-verwaltung-pflegesektor\/","og_site_name":"Datacenter Groningen","twitter_card":"summary_large_image","twitter_misc":{"Gesch\u00e4tzte Lesezeit":"1\u00a0Minute"},"schema":{"@context":"https:\/\/schema.org","@graph":[{"@type":"WebPage","@id":"https:\/\/www.datacentergroningen.nl\/de\/oeffentliche-verwaltung-pflegesektor\/","url":"https:\/\/www.datacentergroningen.nl\/de\/oeffentliche-verwaltung-pflegesektor\/","name":"\u00d6ffentliche Verwaltung\/Pflegesektor - Datacenter Groningen","isPartOf":{"@id":"https:\/\/www.datacentergroningen.nl\/#website"},"datePublished":"2024-01-16T18:19:09+00:00","breadcrumb":{"@id":"https:\/\/www.datacentergroningen.nl\/de\/oeffentliche-verwaltung-pflegesektor\/#breadcrumb"},"inLanguage":"de","potentialAction":[{"@type":"ReadAction","target":["https:\/\/www.datacentergroningen.nl\/de\/oeffentliche-verwaltung-pflegesektor\/"]}]},{"@type":"BreadcrumbList","@id":"https:\/\/www.datacentergroningen.nl\/de\/oeffentliche-verwaltung-pflegesektor\/#breadcrumb","itemListElement":[{"@type":"ListItem","position":1,"name":"Home","item":"https:\/\/www.datacentergroningen.nl\/de\/home\/"},{"@type":"ListItem","position":2,"name":"\u00d6ffentliche Verwaltung\/Pflegesektor"}]},{"@type":"WebSite","@id":"https:\/\/www.datacentergroningen.nl\/#website","url":"https:\/\/www.datacentergroningen.nl\/","name":"Datacenter Groningen","description":"","potentialAction":[{"@type":"SearchAction","target":{"@type":"EntryPoint","urlTemplate":"https:\/\/www.datacentergroningen.nl\/?s={search_term_string}"},"query-input":{"@type":"PropertyValueSpecification","valueRequired":true,"valueName":"search_term_string"}}],"inLanguage":"de"}]}},"_links":{"self":[{"href":"https:\/\/www.datacentergroningen.nl\/de\/wp-json\/wp\/v2\/pages\/477","targetHints":{"allow":["GET"]}}],"collection":[{"href":"https:\/\/www.datacentergroningen.nl\/de\/wp-json\/wp\/v2\/pages"}],"about":[{"href":"https:\/\/www.datacentergroningen.nl\/de\/wp-json\/wp\/v2\/types\/page"}],"author":[{"embeddable":true,"href":"https:\/\/www.datacentergroningen.nl\/de\/wp-json\/wp\/v2\/users\/1"}],"replies":[{"embeddable":true,"href":"https:\/\/www.datacentergroningen.nl\/de\/wp-json\/wp\/v2\/comments?post=477"}],"version-history":[{"count":0,"href":"https:\/\/www.datacentergroningen.nl\/de\/wp-json\/wp\/v2\/pages\/477\/revisions"}],"wp:attachment":[{"href":"https:\/\/www.datacentergroningen.nl\/de\/wp-json\/wp\/v2\/media?parent=477"}],"curies":[{"name":"wp","href":"https:\/\/api.w.org\/{rel}","templated":true}]}}