{"id":284,"date":"2023-07-21T07:27:19","date_gmt":"2023-07-21T07:27:19","guid":{"rendered":"https:\/\/dev.datacentergroningen.nl\/diensten\/tarieven\/"},"modified":"2024-01-16T18:20:29","modified_gmt":"2024-01-16T18:20:29","slug":"tarieven","status":"publish","type":"page","link":"https:\/\/www.datacentergroningen.nl\/de\/diensten\/tarieven\/","title":{"rendered":"Colocation"},"content":{"rendered":"<h2>Tarife Colocation oder Private Rack<\/h2>\n<p>Datacenter Groningen bietet Colocation schon ab 1 HE (1 U). Die Unterbringung der einzelnen Units erfolgt in unseren Shared Racks. M\u00f6chten Sie Ihr eigenes abschlie\u00dfbares Rack? Dann ist ein Private Rack die ideale L\u00f6sung. Sie verf\u00fcgen dann \u00fcber Ihr eigenes abschlie\u00dfbares Rack mit eigenem Zahlencode. Datacenter Groningen bietet im Rahmen der Colocation-Dienste Internet an. Sie k\u00f6nnen aber auch selbst Ihre eigene ASN mit uns als Transit oder \u00fcber andere Anbieter anmelden. Mit Ihrem pers\u00f6nlichen Zugangsausweis erhalten Sie 24\/7 Zugang zu unserem Rechenzentrum. Und mit unseren Remote Hands Services sind wir zur Stelle, falls Sie etwas in Ihrem Rack oder an Ihrem Server nicht selbst durchf\u00fchren k\u00f6nnen.<\/p>\n","protected":false},"excerpt":{"rendered":"<p>Tarife Colocation oder Private Rack Datacenter Groningen bietet Colocation schon ab 1 HE (1 U). Die Unterbringung der einzelnen Units erfolgt in unseren Shared Racks. M\u00f6chten Sie Ihr eigenes abschlie\u00dfbares Rack? Dann ist ein Private Rack die ideale L\u00f6sung. Sie verf\u00fcgen dann \u00fcber Ihr eigenes abschlie\u00dfbares Rack mit eigenem Zahlencode. Datacenter Groningen bietet im Rahmen [&hellip;]<\/p>\n","protected":false},"author":1,"featured_media":0,"parent":281,"menu_order":0,"comment_status":"closed","ping_status":"closed","template":"page-template\/template-tarieven.php","meta":{"inline_featured_image":false,"footnotes":""},"class_list":["post-284","page","type-page","status-publish","hentry"],"acf":[],"yoast_head":"<!-- This site is optimized with the Yoast SEO plugin v26.6 - https:\/\/yoast.com\/wordpress\/plugins\/seo\/ -->\n<title>Colocation - Datacenter Groningen<\/title>\n<meta name=\"robots\" content=\"index, follow, max-snippet:-1, max-image-preview:large, max-video-preview:-1\" \/>\n<link rel=\"canonical\" href=\"https:\/\/www.datacentergroningen.nl\/de\/diensten\/tarieven\/\" \/>\n<meta property=\"og:locale\" content=\"de_DE\" \/>\n<meta property=\"og:type\" content=\"article\" \/>\n<meta property=\"og:title\" content=\"Colocation - Datacenter Groningen\" \/>\n<meta property=\"og:description\" content=\"Tarife Colocation oder Private Rack Datacenter Groningen bietet Colocation schon ab 1 HE (1 U). Die Unterbringung der einzelnen Units erfolgt in unseren Shared Racks. M\u00f6chten Sie Ihr eigenes abschlie\u00dfbares Rack? Dann ist ein Private Rack die ideale L\u00f6sung. Sie verf\u00fcgen dann \u00fcber Ihr eigenes abschlie\u00dfbares Rack mit eigenem Zahlencode. Datacenter Groningen bietet im Rahmen [&hellip;]\" \/>\n<meta property=\"og:url\" content=\"https:\/\/www.datacentergroningen.nl\/de\/diensten\/tarieven\/\" \/>\n<meta property=\"og:site_name\" content=\"Datacenter Groningen\" \/>\n<meta property=\"article:modified_time\" content=\"2024-01-16T18:20:29+00:00\" \/>\n<meta name=\"twitter:card\" content=\"summary_large_image\" \/>\n<meta name=\"twitter:label1\" content=\"Gesch\u00e4tzte Lesezeit\" \/>\n\t<meta name=\"twitter:data1\" content=\"1\u00a0Minute\" \/>\n<script type=\"application\/ld+json\" class=\"yoast-schema-graph\">{\"@context\":\"https:\/\/schema.org\",\"@graph\":[{\"@type\":\"WebPage\",\"@id\":\"https:\/\/www.datacentergroningen.nl\/de\/diensten\/tarieven\/\",\"url\":\"https:\/\/www.datacentergroningen.nl\/de\/diensten\/tarieven\/\",\"name\":\"Colocation - Datacenter Groningen\",\"isPartOf\":{\"@id\":\"https:\/\/www.datacentergroningen.nl\/#website\"},\"datePublished\":\"2023-07-21T07:27:19+00:00\",\"dateModified\":\"2024-01-16T18:20:29+00:00\",\"breadcrumb\":{\"@id\":\"https:\/\/www.datacentergroningen.nl\/de\/diensten\/tarieven\/#breadcrumb\"},\"inLanguage\":\"de\",\"potentialAction\":[{\"@type\":\"ReadAction\",\"target\":[\"https:\/\/www.datacentergroningen.nl\/de\/diensten\/tarieven\/\"]}]},{\"@type\":\"BreadcrumbList\",\"@id\":\"https:\/\/www.datacentergroningen.nl\/de\/diensten\/tarieven\/#breadcrumb\",\"itemListElement\":[{\"@type\":\"ListItem\",\"position\":1,\"name\":\"Home\",\"item\":\"https:\/\/www.datacentergroningen.nl\/de\/home\/\"},{\"@type\":\"ListItem\",\"position\":2,\"name\":\"Dienstleistungen\",\"item\":\"https:\/\/www.datacentergroningen.nl\/de\/diensten\/\"},{\"@type\":\"ListItem\",\"position\":3,\"name\":\"Colocation\"}]},{\"@type\":\"WebSite\",\"@id\":\"https:\/\/www.datacentergroningen.nl\/#website\",\"url\":\"https:\/\/www.datacentergroningen.nl\/\",\"name\":\"Datacenter Groningen\",\"description\":\"\",\"potentialAction\":[{\"@type\":\"SearchAction\",\"target\":{\"@type\":\"EntryPoint\",\"urlTemplate\":\"https:\/\/www.datacentergroningen.nl\/?s={search_term_string}\"},\"query-input\":{\"@type\":\"PropertyValueSpecification\",\"valueRequired\":true,\"valueName\":\"search_term_string\"}}],\"inLanguage\":\"de\"}]}<\/script>\n<!-- \/ Yoast SEO plugin. -->","yoast_head_json":{"title":"Colocation - Datacenter Groningen","robots":{"index":"index","follow":"follow","max-snippet":"max-snippet:-1","max-image-preview":"max-image-preview:large","max-video-preview":"max-video-preview:-1"},"canonical":"https:\/\/www.datacentergroningen.nl\/de\/diensten\/tarieven\/","og_locale":"de_DE","og_type":"article","og_title":"Colocation - Datacenter Groningen","og_description":"Tarife Colocation oder Private Rack Datacenter Groningen bietet Colocation schon ab 1 HE (1 U). Die Unterbringung der einzelnen Units erfolgt in unseren Shared Racks. M\u00f6chten Sie Ihr eigenes abschlie\u00dfbares Rack? Dann ist ein Private Rack die ideale L\u00f6sung. Sie verf\u00fcgen dann \u00fcber Ihr eigenes abschlie\u00dfbares Rack mit eigenem Zahlencode. Datacenter Groningen bietet im Rahmen [&hellip;]","og_url":"https:\/\/www.datacentergroningen.nl\/de\/diensten\/tarieven\/","og_site_name":"Datacenter Groningen","article_modified_time":"2024-01-16T18:20:29+00:00","twitter_card":"summary_large_image","twitter_misc":{"Gesch\u00e4tzte Lesezeit":"1\u00a0Minute"},"schema":{"@context":"https:\/\/schema.org","@graph":[{"@type":"WebPage","@id":"https:\/\/www.datacentergroningen.nl\/de\/diensten\/tarieven\/","url":"https:\/\/www.datacentergroningen.nl\/de\/diensten\/tarieven\/","name":"Colocation - Datacenter Groningen","isPartOf":{"@id":"https:\/\/www.datacentergroningen.nl\/#website"},"datePublished":"2023-07-21T07:27:19+00:00","dateModified":"2024-01-16T18:20:29+00:00","breadcrumb":{"@id":"https:\/\/www.datacentergroningen.nl\/de\/diensten\/tarieven\/#breadcrumb"},"inLanguage":"de","potentialAction":[{"@type":"ReadAction","target":["https:\/\/www.datacentergroningen.nl\/de\/diensten\/tarieven\/"]}]},{"@type":"BreadcrumbList","@id":"https:\/\/www.datacentergroningen.nl\/de\/diensten\/tarieven\/#breadcrumb","itemListElement":[{"@type":"ListItem","position":1,"name":"Home","item":"https:\/\/www.datacentergroningen.nl\/de\/home\/"},{"@type":"ListItem","position":2,"name":"Dienstleistungen","item":"https:\/\/www.datacentergroningen.nl\/de\/diensten\/"},{"@type":"ListItem","position":3,"name":"Colocation"}]},{"@type":"WebSite","@id":"https:\/\/www.datacentergroningen.nl\/#website","url":"https:\/\/www.datacentergroningen.nl\/","name":"Datacenter Groningen","description":"","potentialAction":[{"@type":"SearchAction","target":{"@type":"EntryPoint","urlTemplate":"https:\/\/www.datacentergroningen.nl\/?s={search_term_string}"},"query-input":{"@type":"PropertyValueSpecification","valueRequired":true,"valueName":"search_term_string"}}],"inLanguage":"de"}]}},"_links":{"self":[{"href":"https:\/\/www.datacentergroningen.nl\/de\/wp-json\/wp\/v2\/pages\/284","targetHints":{"allow":["GET"]}}],"collection":[{"href":"https:\/\/www.datacentergroningen.nl\/de\/wp-json\/wp\/v2\/pages"}],"about":[{"href":"https:\/\/www.datacentergroningen.nl\/de\/wp-json\/wp\/v2\/types\/page"}],"author":[{"embeddable":true,"href":"https:\/\/www.datacentergroningen.nl\/de\/wp-json\/wp\/v2\/users\/1"}],"replies":[{"embeddable":true,"href":"https:\/\/www.datacentergroningen.nl\/de\/wp-json\/wp\/v2\/comments?post=284"}],"version-history":[{"count":2,"href":"https:\/\/www.datacentergroningen.nl\/de\/wp-json\/wp\/v2\/pages\/284\/revisions"}],"predecessor-version":[{"id":525,"href":"https:\/\/www.datacentergroningen.nl\/de\/wp-json\/wp\/v2\/pages\/284\/revisions\/525"}],"up":[{"embeddable":true,"href":"https:\/\/www.datacentergroningen.nl\/de\/wp-json\/wp\/v2\/pages\/281"}],"wp:attachment":[{"href":"https:\/\/www.datacentergroningen.nl\/de\/wp-json\/wp\/v2\/media?parent=284"}],"curies":[{"name":"wp","href":"https:\/\/api.w.org\/{rel}","templated":true}]}}