{"id":281,"date":"2023-07-21T07:26:14","date_gmt":"2023-07-21T07:26:14","guid":{"rendered":"https:\/\/dev.datacentergroningen.nl\/diensten\/"},"modified":"2024-01-16T18:20:50","modified_gmt":"2024-01-16T18:20:50","slug":"diensten","status":"publish","type":"page","link":"https:\/\/www.datacentergroningen.nl\/de\/diensten\/","title":{"rendered":"Dienstleistungen"},"content":{"rendered":"<p>Hochwertig, kundenorientiert und flexibel. Das macht die Dienstleistungen von Datacenter Groningen aus. Wir bieten hochwertigen Datenraum, helfen bei der Unterbringung Ihrer IKT und sind Ihr Wissenspartner bei Cyberkriminalit\u00e4t, Green IT und vielem mehr.<\/p>\n<p><img loading=\"lazy\" decoding=\"async\" class=\"alignleft wp-image-122 size-thumbnail\" src=\"https:\/\/www.datacentergroningen.nl\/wp-content\/uploads\/2017\/03\/DCG_1957-1-150x150.jpg\" alt=\"\" width=\"150\" height=\"150\"><\/p>\n<h5>Mehr als Datenraum<\/h5>\n<p>Wir haben viel Platz f\u00fcr Ihre Daten, Systeme und Dienste. Unsere Experten verkn\u00fcpfen Ihre IKT nahtlos, sodass Kontinuit\u00e4t gew\u00e4hrleistet ist. Unser professionelles und erfahrenes Team beantwortet gerne all Ihre Fragen.<\/p>\n<p><img loading=\"lazy\" decoding=\"async\" class=\"alignright size-thumbnail wp-image-234\" src=\"https:\/\/www.datacentergroningen.nl\/wp-content\/uploads\/2017\/05\/koppelingen-150x150.jpg\" alt=\"\" width=\"150\" height=\"150\"><\/p>\n<h5>Verbindung<\/h5>\n<p>Connectivity ist der Schl\u00fcssel! Mit unserem eigenen Glasfasernetz, aber auch M\u00f6glichkeiten f\u00fcr (Richt)Funkverbindungen sind Daten, Dienste und Systeme jederzeit verf\u00fcgbar. Um Kontinuit\u00e4t zu gew\u00e4hrleisten, sind die Datenverbindungen doppelt ausgelegt.<\/p>\n<p>&nbsp;<\/p>\n<p><img loading=\"lazy\" decoding=\"async\" class=\"alignleft wp-image-241 size-thumbnail\" src=\"https:\/\/www.datacentergroningen.nl\/wp-content\/uploads\/2017\/05\/rackslampjes-150x150.jpg\" alt=\"\" width=\"150\" height=\"150\"><\/p>\n<h5>Uptime<\/h5>\n<p>Auch die Stromversorgung und die K\u00fchlung sind ausnahmslos redundant, um die Verf\u00fcgbarkeit Ihrer Server zu garantieren und Ausf\u00e4lle zu verhindern. Selbst im Falle eines Brandes.<\/p>\n<p>&nbsp;<\/p>\n<p><img loading=\"lazy\" decoding=\"async\" class=\"alignright size-thumbnail wp-image-232\" src=\"https:\/\/www.datacentergroningen.nl\/wp-content\/uploads\/2017\/05\/Gouden-Driehoek-Zuidbroek-1080x675-150x150.png\" alt=\"\" width=\"150\" height=\"150\"><\/p>\n<h5>Skalierbare Anpassung<\/h5>\n<p>Ein kleineres Unternehmen kommt wom\u00f6glich mit einem Server aus, ein Gro\u00dfunternehmen ben\u00f6tigt hingegen mehrere Server an verschiedenen Standorten oder sogar ein eigenes Rechenzentrum. Bei Datacenter Groningen ist alles m\u00f6glich. Wir sind Provider- und Carrier-neutral. Und da wir in der Lage sind mitzuwachsen, kann f\u00fcr alles eine L\u00f6sung gefunden werden. Selbst die Einrichtung eines eigenen Rechenzentrums ist bei uns m\u00f6glich. In diesem Fall nutzen Sie das Wissen, die Kompetenz und die M\u00f6glichkeiten von Datacenter Groningen, haben aber Ihr eigenes Geb\u00e4ude.<\/p>\n<p>&nbsp;<\/p>\n<p><img loading=\"lazy\" decoding=\"async\" class=\"size-thumbnail wp-image-247 alignleft\" src=\"https:\/\/www.datacentergroningen.nl\/wp-content\/uploads\/2017\/05\/internet-1862312_1920-150x150.jpg\" alt=\"\" width=\"150\" height=\"150\"><\/p>\n<h5>Sichere Aufbewahrung und Nutzung<\/h5>\n<p>Datacenter Groningen ist Ihre hochwertige Colocation \u201aum die Ecke\u2018, wo Ihre Daten gesch\u00fctzt und sicher sind. Durch die Skalierbarkeit von Datacenter Groningen k\u00f6nnen wir uns flexibel anpassen, wenn Ihre Datenstr\u00f6me wachsen.<br \/>\nWeitere Server oder Racks k\u00f6nnen problemlos hinzugef\u00fcgt werden.<\/p>\n<p>&nbsp;<\/p>\n<p><img loading=\"lazy\" decoding=\"async\" class=\"alignright wp-image-233 size-thumbnail\" src=\"https:\/\/www.datacentergroningen.nl\/wp-content\/uploads\/2017\/05\/groene-ict-150x150.jpg\" alt=\"\" width=\"150\" height=\"150\"><\/p>\n<h5>Green IT<\/h5>\n<p>Der Einsatz von \u00d6kostrom ist f\u00fcr uns selbstverst\u00e4ndlich. Mit innovativen K\u00fchlsystemen wie \u201aFreecooling\u2018 und \u201aCold Corridor\u2018 reduzieren wir den Energieverbrauch erheblich. Zur K\u00fchlung verwenden wir zum Beispiel Au\u00dfenluft. Das entlastet nicht nur die Umwelt, sondern auch Ihren Geldbeutel.<\/p>\n<p>&nbsp;<\/p>\n","protected":false},"excerpt":{"rendered":"<p>Hochwertig, kundenorientiert und flexibel. Das macht die Dienstleistungen von Datacenter Groningen aus. Wir bieten hochwertigen Datenraum, helfen bei der Unterbringung Ihrer IKT und sind Ihr Wissenspartner bei Cyberkriminalit\u00e4t, Green IT und vielem mehr. Mehr als Datenraum Wir haben viel Platz f\u00fcr Ihre Daten, Systeme und Dienste. Unsere Experten verkn\u00fcpfen Ihre IKT nahtlos, sodass Kontinuit\u00e4t gew\u00e4hrleistet [&hellip;]<\/p>\n","protected":false},"author":1,"featured_media":0,"parent":0,"menu_order":0,"comment_status":"closed","ping_status":"closed","template":"","meta":{"inline_featured_image":false,"footnotes":""},"class_list":["post-281","page","type-page","status-publish","hentry"],"acf":[],"yoast_head":"<!-- This site is optimized with the Yoast SEO plugin v26.6 - https:\/\/yoast.com\/wordpress\/plugins\/seo\/ -->\n<title>Dienstleistungen - Datacenter Groningen<\/title>\n<meta name=\"robots\" content=\"index, follow, max-snippet:-1, max-image-preview:large, max-video-preview:-1\" \/>\n<link rel=\"canonical\" href=\"https:\/\/www.datacentergroningen.nl\/de\/diensten\/\" \/>\n<meta property=\"og:locale\" content=\"de_DE\" \/>\n<meta property=\"og:type\" content=\"article\" \/>\n<meta property=\"og:title\" content=\"Dienstleistungen - Datacenter Groningen\" \/>\n<meta property=\"og:description\" content=\"Hochwertig, kundenorientiert und flexibel. Das macht die Dienstleistungen von Datacenter Groningen aus. Wir bieten hochwertigen Datenraum, helfen bei der Unterbringung Ihrer IKT und sind Ihr Wissenspartner bei Cyberkriminalit\u00e4t, Green IT und vielem mehr. Mehr als Datenraum Wir haben viel Platz f\u00fcr Ihre Daten, Systeme und Dienste. Unsere Experten verkn\u00fcpfen Ihre IKT nahtlos, sodass Kontinuit\u00e4t gew\u00e4hrleistet [&hellip;]\" \/>\n<meta property=\"og:url\" content=\"https:\/\/www.datacentergroningen.nl\/de\/diensten\/\" \/>\n<meta property=\"og:site_name\" content=\"Datacenter Groningen\" \/>\n<meta property=\"article:modified_time\" content=\"2024-01-16T18:20:50+00:00\" \/>\n<meta property=\"og:image\" content=\"https:\/\/www.datacentergroningen.nl\/wp-content\/uploads\/2017\/03\/DCG_1957-1-150x150.jpg\" \/>\n<meta name=\"twitter:card\" content=\"summary_large_image\" \/>\n<meta name=\"twitter:label1\" content=\"Gesch\u00e4tzte Lesezeit\" \/>\n\t<meta name=\"twitter:data1\" content=\"2\u00a0Minuten\" \/>\n<script type=\"application\/ld+json\" class=\"yoast-schema-graph\">{\"@context\":\"https:\/\/schema.org\",\"@graph\":[{\"@type\":\"WebPage\",\"@id\":\"https:\/\/www.datacentergroningen.nl\/de\/diensten\/\",\"url\":\"https:\/\/www.datacentergroningen.nl\/de\/diensten\/\",\"name\":\"Dienstleistungen - Datacenter Groningen\",\"isPartOf\":{\"@id\":\"https:\/\/www.datacentergroningen.nl\/#website\"},\"primaryImageOfPage\":{\"@id\":\"https:\/\/www.datacentergroningen.nl\/de\/diensten\/#primaryimage\"},\"image\":{\"@id\":\"https:\/\/www.datacentergroningen.nl\/de\/diensten\/#primaryimage\"},\"thumbnailUrl\":\"https:\/\/www.datacentergroningen.nl\/wp-content\/uploads\/2017\/03\/DCG_1957-1-150x150.jpg\",\"datePublished\":\"2023-07-21T07:26:14+00:00\",\"dateModified\":\"2024-01-16T18:20:50+00:00\",\"breadcrumb\":{\"@id\":\"https:\/\/www.datacentergroningen.nl\/de\/diensten\/#breadcrumb\"},\"inLanguage\":\"de\",\"potentialAction\":[{\"@type\":\"ReadAction\",\"target\":[\"https:\/\/www.datacentergroningen.nl\/de\/diensten\/\"]}]},{\"@type\":\"ImageObject\",\"inLanguage\":\"de\",\"@id\":\"https:\/\/www.datacentergroningen.nl\/de\/diensten\/#primaryimage\",\"url\":\"https:\/\/www.datacentergroningen.nl\/wp-content\/uploads\/2017\/03\/DCG_1957-1-150x150.jpg\",\"contentUrl\":\"https:\/\/www.datacentergroningen.nl\/wp-content\/uploads\/2017\/03\/DCG_1957-1-150x150.jpg\"},{\"@type\":\"BreadcrumbList\",\"@id\":\"https:\/\/www.datacentergroningen.nl\/de\/diensten\/#breadcrumb\",\"itemListElement\":[{\"@type\":\"ListItem\",\"position\":1,\"name\":\"Home\",\"item\":\"https:\/\/www.datacentergroningen.nl\/de\/home\/\"},{\"@type\":\"ListItem\",\"position\":2,\"name\":\"Dienstleistungen\"}]},{\"@type\":\"WebSite\",\"@id\":\"https:\/\/www.datacentergroningen.nl\/#website\",\"url\":\"https:\/\/www.datacentergroningen.nl\/\",\"name\":\"Datacenter Groningen\",\"description\":\"\",\"potentialAction\":[{\"@type\":\"SearchAction\",\"target\":{\"@type\":\"EntryPoint\",\"urlTemplate\":\"https:\/\/www.datacentergroningen.nl\/?s={search_term_string}\"},\"query-input\":{\"@type\":\"PropertyValueSpecification\",\"valueRequired\":true,\"valueName\":\"search_term_string\"}}],\"inLanguage\":\"de\"}]}<\/script>\n<!-- \/ Yoast SEO plugin. -->","yoast_head_json":{"title":"Dienstleistungen - Datacenter Groningen","robots":{"index":"index","follow":"follow","max-snippet":"max-snippet:-1","max-image-preview":"max-image-preview:large","max-video-preview":"max-video-preview:-1"},"canonical":"https:\/\/www.datacentergroningen.nl\/de\/diensten\/","og_locale":"de_DE","og_type":"article","og_title":"Dienstleistungen - Datacenter Groningen","og_description":"Hochwertig, kundenorientiert und flexibel. Das macht die Dienstleistungen von Datacenter Groningen aus. Wir bieten hochwertigen Datenraum, helfen bei der Unterbringung Ihrer IKT und sind Ihr Wissenspartner bei Cyberkriminalit\u00e4t, Green IT und vielem mehr. Mehr als Datenraum Wir haben viel Platz f\u00fcr Ihre Daten, Systeme und Dienste. Unsere Experten verkn\u00fcpfen Ihre IKT nahtlos, sodass Kontinuit\u00e4t gew\u00e4hrleistet [&hellip;]","og_url":"https:\/\/www.datacentergroningen.nl\/de\/diensten\/","og_site_name":"Datacenter Groningen","article_modified_time":"2024-01-16T18:20:50+00:00","og_image":[{"url":"https:\/\/www.datacentergroningen.nl\/wp-content\/uploads\/2017\/03\/DCG_1957-1-150x150.jpg","type":"","width":"","height":""}],"twitter_card":"summary_large_image","twitter_misc":{"Gesch\u00e4tzte Lesezeit":"2\u00a0Minuten"},"schema":{"@context":"https:\/\/schema.org","@graph":[{"@type":"WebPage","@id":"https:\/\/www.datacentergroningen.nl\/de\/diensten\/","url":"https:\/\/www.datacentergroningen.nl\/de\/diensten\/","name":"Dienstleistungen - Datacenter Groningen","isPartOf":{"@id":"https:\/\/www.datacentergroningen.nl\/#website"},"primaryImageOfPage":{"@id":"https:\/\/www.datacentergroningen.nl\/de\/diensten\/#primaryimage"},"image":{"@id":"https:\/\/www.datacentergroningen.nl\/de\/diensten\/#primaryimage"},"thumbnailUrl":"https:\/\/www.datacentergroningen.nl\/wp-content\/uploads\/2017\/03\/DCG_1957-1-150x150.jpg","datePublished":"2023-07-21T07:26:14+00:00","dateModified":"2024-01-16T18:20:50+00:00","breadcrumb":{"@id":"https:\/\/www.datacentergroningen.nl\/de\/diensten\/#breadcrumb"},"inLanguage":"de","potentialAction":[{"@type":"ReadAction","target":["https:\/\/www.datacentergroningen.nl\/de\/diensten\/"]}]},{"@type":"ImageObject","inLanguage":"de","@id":"https:\/\/www.datacentergroningen.nl\/de\/diensten\/#primaryimage","url":"https:\/\/www.datacentergroningen.nl\/wp-content\/uploads\/2017\/03\/DCG_1957-1-150x150.jpg","contentUrl":"https:\/\/www.datacentergroningen.nl\/wp-content\/uploads\/2017\/03\/DCG_1957-1-150x150.jpg"},{"@type":"BreadcrumbList","@id":"https:\/\/www.datacentergroningen.nl\/de\/diensten\/#breadcrumb","itemListElement":[{"@type":"ListItem","position":1,"name":"Home","item":"https:\/\/www.datacentergroningen.nl\/de\/home\/"},{"@type":"ListItem","position":2,"name":"Dienstleistungen"}]},{"@type":"WebSite","@id":"https:\/\/www.datacentergroningen.nl\/#website","url":"https:\/\/www.datacentergroningen.nl\/","name":"Datacenter Groningen","description":"","potentialAction":[{"@type":"SearchAction","target":{"@type":"EntryPoint","urlTemplate":"https:\/\/www.datacentergroningen.nl\/?s={search_term_string}"},"query-input":{"@type":"PropertyValueSpecification","valueRequired":true,"valueName":"search_term_string"}}],"inLanguage":"de"}]}},"_links":{"self":[{"href":"https:\/\/www.datacentergroningen.nl\/de\/wp-json\/wp\/v2\/pages\/281","targetHints":{"allow":["GET"]}}],"collection":[{"href":"https:\/\/www.datacentergroningen.nl\/de\/wp-json\/wp\/v2\/pages"}],"about":[{"href":"https:\/\/www.datacentergroningen.nl\/de\/wp-json\/wp\/v2\/types\/page"}],"author":[{"embeddable":true,"href":"https:\/\/www.datacentergroningen.nl\/de\/wp-json\/wp\/v2\/users\/1"}],"replies":[{"embeddable":true,"href":"https:\/\/www.datacentergroningen.nl\/de\/wp-json\/wp\/v2\/comments?post=281"}],"version-history":[{"count":2,"href":"https:\/\/www.datacentergroningen.nl\/de\/wp-json\/wp\/v2\/pages\/281\/revisions"}],"predecessor-version":[{"id":536,"href":"https:\/\/www.datacentergroningen.nl\/de\/wp-json\/wp\/v2\/pages\/281\/revisions\/536"}],"wp:attachment":[{"href":"https:\/\/www.datacentergroningen.nl\/de\/wp-json\/wp\/v2\/media?parent=281"}],"curies":[{"name":"wp","href":"https:\/\/api.w.org\/{rel}","templated":true}]}}